{"id":6054,"date":"2020-10-01T20:27:47","date_gmt":"2020-10-01T20:27:47","guid":{"rendered":"https:\/\/reserve-rimbaud.com\/home-page\/"},"modified":"2023-01-09T11:27:26","modified_gmt":"2023-01-09T11:27:26","slug":"home-page","status":"publish","type":"page","link":"https:\/\/preprod.reserve-rimbaud.com\/en\/","title":{"rendered":"HOME PAGE"},"content":{"rendered":"<p>[vc_row][vc_column][rev_slider_vc alias=&#8221;accueil&#8221; enable_paspartu=&#8221;no&#8221;][\/vc_column][\/vc_row][vc_row content_text_aligment=&#8221;center&#8221; css=&#8221;.vc_custom_1600795690704{padding-top: 50px !important;padding-bottom: 70px !important;}&#8221;][vc_column]<div class=\"mkdf-elements-holder   mkdf-one-column  mkdf-responsive-mode-768 \" ><div class=\"mkdf-eh-item    \"  data-item-class=\"mkdf-eh-custom-9152\" data-1025-1366=\"0px 27%\" data-769-1024=\"0px 19%\" data-681-768=\"0px 9%\" data-680=\"0px 2%\">\n\t<div class=\"mkdf-eh-item-inner\">\n\t\t<div class=\"mkdf-eh-item-content mkdf-eh-custom-9152\" style=\"padding: 0px 30%\">\n\t\t\t<div class=\"mkdf-section-title-holder title-section mkdf-st-standard mkdf-st-title-left mkdf-st-normal-space \" >\n\t<div class=\"mkdf-st-inner\">\n\t\t\t\t\t<h2 class=\"mkdf-st-title\" >\n\t\t\t\tLa r\u00e9serve\t\t\t<\/h2>\n\t\t\t\t<div class=\"mkdf-separator-holder clearfix   \">\n\t<div class=\"mkdf-separator\" style=\"border-color: #ec9036;width: 80px;border-bottom-width: 2px\"><\/div>\n<\/div>\n\t\t\t\t\t<p class=\"mkdf-st-text\" style=\"color: #4e4e4e;font-size: 16px;line-height: 22px;font-weight: 300;margin-top: 0px\">\n\t\t\t\tLa R\u00e9serve Rimbaud is a 1 Michelin star restaurant, located in an old building covered in lush greenery and with a sunny terrace overlooking the river Lez in Montpellier. Its creative cuisine showcases the produce of our historical region of Occitania in the south of France.\t\t\t<\/p>\n\t\t\t<\/div>\n<\/div>[vc_empty_space height=&#8221;38px&#8221;]<a itemprop=\"url\" href=\"\/en\/la-reserve\/\" target=\"_self\" style=\"color: #ec9036;background-color: #ffffff;border-color: #ec9036;font-size: 18px;font-weight: 300;margin: 0px;padding: 10px 20px\" class=\"mkdf-btn mkdf-btn-medium mkdf-btn-solid mkdf-btn-custom-hover-bg mkdf-btn-custom-border-hover mkdf-btn-custom-hover-color\" data-hover-color=\"#ffffff\" data-hover-bg-color=\"#ec9036\" data-hover-border-color=\"#ffffff\" >\n    <span class=\"mkdf-btn-text\">La R\u00e9serve<\/span>\n    <\/a>\t\t<\/div>\n\t<\/div>\n<\/div><\/div>[\/vc_column][\/vc_row][vc_row content_text_aligment=&#8221;center&#8221;][vc_column]<div class=\"mkdf-elements-holder   mkdf-one-column  mkdf-responsive-mode-768 \" ><div class=\"mkdf-eh-item    \"  data-item-class=\"mkdf-eh-custom-1451\" data-1025-1366=\"0% 0%\" data-769-1024=\"0% 0%\" data-681-768=\"0% 0%\" data-680=\"0% 0%\">\n\t<div class=\"mkdf-eh-item-inner\">\n\t\t<div class=\"mkdf-eh-item-content mkdf-eh-custom-1451\" style=\"padding: 0% 0%\">\n\t\t\t\n<div id=\"rev_slider_9_1_wrapper\" class=\"rev_slider_wrapper fullwidthbanner-container\" data-source=\"gallery\" style=\"margin:0px auto;background:transparent;padding:0px;margin-top:0px;margin-bottom:0px;\">\n<!-- START REVOLUTION SLIDER 5.4.8.3 fullwidth mode -->\n\t<div id=\"rev_slider_9_1\" class=\"rev_slider fullwidthabanner\" style=\"display:none;\" data-version=\"5.4.8.3\">\n<ul>\t<!-- SLIDE  -->\n\t<li data-index=\"rs-18\" data-transition=\"slideoverleft\" data-slotamount=\"default\" data-hideafterloop=\"0\" data-hideslideonmobile=\"off\"  data-easein=\"default\" data-easeout=\"default\" data-masterspeed=\"default\"  data-thumb=\"https:\/\/preprod.reserve-rimbaud.com\/wp-content\/uploads\/2020\/10\/slideshow-1-100x50.jpg\"  data-delay=\"10000\"  data-rotate=\"0\"  data-saveperformance=\"off\"  data-title=\"Slide\" data-param1=\"\" data-param2=\"\" data-param3=\"\" data-param4=\"\" data-param5=\"\" data-param6=\"\" data-param7=\"\" data-param8=\"\" data-param9=\"\" data-param10=\"\" data-description=\"\">\n\t\t<!-- MAIN IMAGE -->\n\t\t<img loading=\"lazy\" decoding=\"async\" src=\"https:\/\/preprod.reserve-rimbaud.com\/wp-content\/uploads\/2020\/10\/slideshow-1.jpg\"  alt=\"\" title=\"slideshow-1\"  width=\"1920\" height=\"1080\" data-bgposition=\"center center\" data-bgfit=\"cover\" data-bgrepeat=\"no-repeat\" class=\"rev-slidebg\" data-no-retina>\n\t\t<!-- LAYERS -->\n\t<\/li>\n\t<!-- SLIDE  -->\n\t<li data-index=\"rs-19\" data-transition=\"slideoverleft\" data-slotamount=\"default\" data-hideafterloop=\"0\" data-hideslideonmobile=\"off\"  data-easein=\"default\" data-easeout=\"default\" data-masterspeed=\"default\"  data-thumb=\"https:\/\/preprod.reserve-rimbaud.com\/wp-content\/uploads\/2020\/10\/slideshow-2-100x50.jpg\"  data-delay=\"10000\"  data-rotate=\"0\"  data-saveperformance=\"off\"  data-title=\"Slide\" data-param1=\"\" data-param2=\"\" data-param3=\"\" data-param4=\"\" data-param5=\"\" data-param6=\"\" data-param7=\"\" data-param8=\"\" data-param9=\"\" data-param10=\"\" data-description=\"\">\n\t\t<!-- MAIN IMAGE -->\n\t\t<img loading=\"lazy\" decoding=\"async\" src=\"https:\/\/preprod.reserve-rimbaud.com\/wp-content\/uploads\/2020\/10\/slideshow-2.jpg\"  alt=\"\" title=\"slideshow-2\"  width=\"1920\" height=\"1080\" data-bgposition=\"center center\" data-bgfit=\"cover\" data-bgrepeat=\"no-repeat\" class=\"rev-slidebg\" data-no-retina>\n\t\t<!-- LAYERS -->\n\t<\/li>\n\t<!-- SLIDE  -->\n\t<li data-index=\"rs-22\" data-transition=\"slideoverleft\" data-slotamount=\"default\" data-hideafterloop=\"0\" data-hideslideonmobile=\"off\"  data-easein=\"default\" data-easeout=\"default\" data-masterspeed=\"default\"  data-thumb=\"https:\/\/preprod.reserve-rimbaud.com\/wp-content\/uploads\/2020\/10\/slideshow-3-100x50.jpg\"  data-delay=\"10000\"  data-rotate=\"0\"  data-saveperformance=\"off\"  data-title=\"Slide\" data-param1=\"\" data-param2=\"\" data-param3=\"\" data-param4=\"\" data-param5=\"\" data-param6=\"\" data-param7=\"\" data-param8=\"\" data-param9=\"\" data-param10=\"\" data-description=\"\">\n\t\t<!-- MAIN IMAGE -->\n\t\t<img loading=\"lazy\" decoding=\"async\" src=\"https:\/\/preprod.reserve-rimbaud.com\/wp-content\/uploads\/2020\/10\/slideshow-3.jpg\"  alt=\"\" title=\"slideshow-3\"  width=\"1920\" height=\"1080\" data-bgposition=\"center center\" data-bgfit=\"cover\" data-bgrepeat=\"no-repeat\" class=\"rev-slidebg\" data-no-retina>\n\t\t<!-- LAYERS -->\n\t<\/li>\n<\/ul>\n<script>var htmlDiv = document.getElementById(\"rs-plugin-settings-inline-css\"); var htmlDivCss=\"\";\r\n\t\t\t\t\t\tif(htmlDiv) {\r\n\t\t\t\t\t\t\thtmlDiv.innerHTML = htmlDiv.innerHTML + htmlDivCss;\r\n\t\t\t\t\t\t}else{\r\n\t\t\t\t\t\t\tvar htmlDiv = document.createElement(\"div\");\r\n\t\t\t\t\t\t\thtmlDiv.innerHTML = \"<style>\" + htmlDivCss + \"<\/style>\";\r\n\t\t\t\t\t\t\tdocument.getElementsByTagName(\"head\")[0].appendChild(htmlDiv.childNodes[0]);\r\n\t\t\t\t\t\t}\r\n\t\t\t\t\t<\/script>\n<div class=\"tp-bannertimer tp-bottom\" style=\"visibility: hidden !important;\"><\/div>\t<\/div>\n<script>var htmlDiv = document.getElementById(\"rs-plugin-settings-inline-css\"); var htmlDivCss=\"\";\r\n\t\t\t\tif(htmlDiv) {\r\n\t\t\t\t\thtmlDiv.innerHTML = htmlDiv.innerHTML + htmlDivCss;\r\n\t\t\t\t}else{\r\n\t\t\t\t\tvar htmlDiv = document.createElement(\"div\");\r\n\t\t\t\t\thtmlDiv.innerHTML = \"<style>\" + htmlDivCss + \"<\/style>\";\r\n\t\t\t\t\tdocument.getElementsByTagName(\"head\")[0].appendChild(htmlDiv.childNodes[0]);\r\n\t\t\t\t}\r\n\t\t\t<\/script>\n\t\t<script type=\"text\/javascript\">\r\nif (setREVStartSize!==undefined) setREVStartSize(\r\n\t{c: '#rev_slider_9_1', responsiveLevels: [1240,1240,778,480], gridwidth: [1240,1240,778,480], gridheight: [415,415,550,720], sliderLayout: 'fullwidth'});\r\n\t\t\t\r\nvar revapi9,\r\n\ttpj;\t\r\n(function() {\t\t\t\r\n\tif (!\/loaded|interactive|complete\/.test(document.readyState)) document.addEventListener(\"DOMContentLoaded\",onLoad); else onLoad();\t\r\n\tfunction onLoad() {\t\t\t\t\r\n\t\tif (tpj===undefined) { tpj = jQuery; if(\"off\" == \"on\") tpj.noConflict();}\r\n\tif(tpj(\"#rev_slider_9_1\").revolution == undefined){\n\t\trevslider_showDoubleJqueryError(\"#rev_slider_9_1\");\n\t}else{\n\t\trevapi9 = tpj(\"#rev_slider_9_1\").show().revolution({\n\t\t\tsliderType:\"standard\",\n\t\t\tjsFileLocation:\"\/\/preprod.reserve-rimbaud.com\/wp-content\/plugins\/revslider\/public\/assets\/js\/\",\n\t\t\tsliderLayout:\"fullwidth\",\n\t\t\tdottedOverlay:\"none\",\n\t\t\tdelay:4000,\n\t\t\tnavigation: {\n\t\t\t\tkeyboardNavigation:\"off\",\n\t\t\t\tkeyboard_direction: \"horizontal\",\n\t\t\t\tmouseScrollNavigation:\"off\",\n \t\t\t\t\t\t\tmouseScrollReverse:\"default\",\n\t\t\t\tonHoverStop:\"off\",\n\t\t\t\tarrows: {\n\t\t\t\t\tstyle:\"ande\",\n\t\t\t\t\tenable:true,\n\t\t\t\t\thide_onmobile:false,\n\t\t\t\t\thide_onleave:false,\n\t\t\t\t\ttmp:'<div class=\"mkdf-rev-arrow\"><svg xmlns=\"http:\/\/www.w3.org\/2000\/svg\" xmlns:xlink=\"http:\/\/www.w3.org\/1999\/xlink\" x=\"0px\" y=\"0px\" width=\"17px\" height=\"57px\" viewBox=\"0 0 59.723 206.221\" enable-background=\"new 0 0 59.723 206.221\" xml:space=\"preserve\"><polygon points=\"56.211,206.221 59.723,204.305 4.555,103.175 59.59,1.91 56.076,0 0,103.179 \t\"\/><\/svg><\/div>',\n\t\t\t\t\tleft: {\n\t\t\t\t\t\th_align:\"left\",\n\t\t\t\t\t\tv_align:\"center\",\n\t\t\t\t\t\th_offset:0,\n\t\t\t\t\t\tv_offset:0\n\t\t\t\t\t},\n\t\t\t\t\tright: {\n\t\t\t\t\t\th_align:\"right\",\n\t\t\t\t\t\tv_align:\"center\",\n\t\t\t\t\t\th_offset:0,\n\t\t\t\t\t\tv_offset:0\n\t\t\t\t\t}\n\t\t\t\t}\n\t\t\t},\n\t\t\tviewPort: {\n\t\t\t\tenable:true,\n\t\t\t\toutof:\"wait\",\n\t\t\t\tvisible_area:\"99.99%\",\n\t\t\t\tpresize:false\n\t\t\t},\n\t\t\tresponsiveLevels:[1240,1240,778,480],\n\t\t\tvisibilityLevels:[1240,1240,778,480],\n\t\t\tgridwidth:[1240,1240,778,480],\n\t\t\tgridheight:[415,415,550,720],\n\t\t\tlazyType:\"none\",\n\t\t\tshadow:0,\n\t\t\tspinner:\"off\",\n\t\t\tstopLoop:\"off\",\n\t\t\tstopAfterLoops:-1,\n\t\t\tstopAtSlide:-1,\n\t\t\tshuffle:\"off\",\n\t\t\tautoHeight:\"off\",\n\t\t\tdisableProgressBar:\"on\",\n\t\t\thideThumbsOnMobile:\"off\",\n\t\t\thideSliderAtLimit:0,\n\t\t\thideCaptionAtLimit:0,\n\t\t\thideAllCaptionAtLilmit:0,\n\t\t\tdebugMode:false,\n\t\t\tfallbacks: {\n\t\t\t\tsimplifyAll:\"off\",\n\t\t\t\tnextSlideOnWindowFocus:\"off\",\n\t\t\t\tdisableFocusListener:false,\n\t\t\t}\n\t\t});\n\t}; \/* END OF revapi call *\/\n\t\n }; \/* END OF ON LOAD FUNCTION *\/\r\n}()); \/* END OF WRAPPING FUNCTION *\/\r\n<\/script>\r\n\t\t<script>\r\n\t\t\t\t\tvar htmlDivCss = unescape(\"%23rev_slider_9_1%20.ande.tparrows%20%7B%0A%09cursor%3Apointer%3B%0A%09background%3A%23FFF%3B%0A%09width%3A38px%3B%0A%20%20%20%20padding%3A0%200%3B%0A%09height%3A104px%3B%0A%09position%3Aabsolute%3B%0A%09display%3Ablock%3B%0A%09z-index%3A100%3B%0A%20%20%20%20-webkit-transition%3A%20all%20.25s%20ease-out%3B%0A%20%20%20%20transition%3A%20all%20.25s%20ease-out%3B%0A%7D%0A%23rev_slider_9_1%20.ande.tparrows%3Ahover%7B%0Apadding%3A0%206px%3B%0A%7D%0A%23rev_slider_9_1%20.ande.tparrows%3Abefore%7B%0Adisplay%3A%20none%3B%0A%7D%0A%23rev_slider_9_1%20.ande.tparrows%20svg%7B%0Aposition%3A%20absolute%3B%0Atop%3A%2050%25%3B%0Aleft%3A%20calc%2850%25%20-%2010px%29%3B%0A-webkit-transform%3A%20translateY%28-50%25%29%3B%0A-moz-transform%3A%20translateY%28-50%25%29%3B%0Atransform%3A%20translateY%28-50%25%29%3B%0A%7D%0A%2F%2A%23rev_slider_9_1%20.ande.tparrows.tp-rightarrow%7B%0Atransform-origin%3A%20right%3B%0Aleft%3A%20auto%20%21important%3B%0Aright%3A%20-38px%3B%0A%7D%2A%2F%0A%0A%23rev_slider_9_1%20.ande.tparrows.tp-rightarrow%20.mkdf-rev-arrow%20%7B%0A%09height%3A%20100%25%3B%0A%7D%0A%0A%23rev_slider_9_1%20.ande.tparrows.tp-rightarrow%20svg%20%7B%0A%09position%3A%20relative%3B%0A%20%20%20%20-webkit-transform%3A%20rotate%28180deg%29%3B%0A%20%20%20%20transform%3A%20rotate%28180deg%29%3B%0A%20%20%20%20transform-origin%3A%2011px%2015px%3B%0A%7D%0A%0A\");\r\n\t\t\t\t\tvar htmlDiv = document.getElementById('rs-plugin-settings-inline-css');\r\n\t\t\t\t\tif(htmlDiv) {\r\n\t\t\t\t\t\thtmlDiv.innerHTML = htmlDiv.innerHTML + htmlDivCss;\r\n\t\t\t\t\t}\r\n\t\t\t\t\telse{\r\n\t\t\t\t\t\tvar htmlDiv = document.createElement('div');\r\n\t\t\t\t\t\thtmlDiv.innerHTML = '<style>' + htmlDivCss + '<\/style>';\r\n\t\t\t\t\t\tdocument.getElementsByTagName('head')[0].appendChild(htmlDiv.childNodes[0]);\r\n\t\t\t\t\t}\r\n\t\t\t\t  <\/script>\r\n\t\t\t\t<\/div><!-- END REVOLUTION SLIDER -->\t\t<\/div>\n\t<\/div>\n<\/div><\/div>[\/vc_column][\/vc_row][vc_row content_text_aligment=&#8221;center&#8221; css=&#8221;.vc_custom_1600817237654{padding-top: 50px !important;padding-bottom: 50px !important;}&#8221;][vc_column]<div class=\"mkdf-elements-holder   mkdf-one-column  mkdf-responsive-mode-768 \" ><div class=\"mkdf-eh-item    \"  data-item-class=\"mkdf-eh-custom-9186\" data-1025-1366=\"0px 27%\" data-769-1024=\"0px 19%\" data-681-768=\"0px 9%\" data-680=\"0px 2%\">\n\t<div class=\"mkdf-eh-item-inner\">\n\t\t<div class=\"mkdf-eh-item-content mkdf-eh-custom-9186\" style=\"padding: 0px 30%\">\n\t\t\t<div class=\"mkdf-section-title-holder title-section mkdf-st-standard mkdf-st-title-left mkdf-st-normal-space \" >\n\t<div class=\"mkdf-st-inner\">\n\t\t\t\t\t<h2 class=\"mkdf-st-title\" >\n\t\t\t\tCharles Font\u00e8s\t\t\t<\/h2>\n\t\t\t\t<div class=\"mkdf-separator-holder clearfix   \">\n\t<div class=\"mkdf-separator\" style=\"border-color: #ec9036;width: 80px;border-bottom-width: 2px\"><\/div>\n<\/div>\n\t\t\t\t\t<p class=\"mkdf-st-text\" style=\"color: #4e4e4e;font-size: 16px;line-height: 22px;font-weight: 300\">\n\t\t\t\tWorking with Pascal Kirch at the H\u00f4tel des Neiges in Courchevel and Alain Dutournier of the 2** Carr\u00e9 des Feuillants in Paris, Charles Font\u00e8s has always cultivated a taste for simple dishes, using products that are authentic and natural, highlighting their contrasts, texture and flavours without changing their essence.\t\t\t<\/p>\n\t\t\t<\/div>\n<\/div>\t\t<\/div>\n\t<\/div>\n<\/div><\/div>[\/vc_column][\/vc_row][vc_row row_content_width=&#8221;grid&#8221; css=&#8221;.vc_custom_1600831956122{padding-top: 100px !important;padding-bottom: 100px !important;}&#8221; el_class=&#8221;.mkdf-di-holder-right&#8221;][vc_column offset=&#8221;vc_col-lg-6 vc_col-md-12&#8243;]<div class=\"mkdf-elements-holder   mkdf-one-column  mkdf-responsive-mode-768 \" ><div class=\"mkdf-eh-item    mkdf-element-from-fade\"  data-item-class=\"mkdf-eh-custom-9384\" data-animation=\"mkdf-element-from-fade\">\n\t<div class=\"mkdf-eh-item-inner\">\n\t\t<div class=\"mkdf-eh-item-content mkdf-eh-custom-9384\" >\n\t\t\t[vc_single_image image=&#8221;6262&#8243; img_size=&#8221;full&#8221; alignment=&#8221;right&#8221; css_animation=&#8221;fadeIn&#8221;]\t\t<\/div>\n\t<\/div>\n<\/div><\/div>[\/vc_column][vc_column offset=&#8221;vc_col-lg-6 vc_col-md-12&#8243;]<div class=\"mkdf-elements-holder   mkdf-one-column  mkdf-responsive-mode-768 \" ><div class=\"mkdf-eh-item    \"  data-item-class=\"mkdf-eh-custom-2353\">\n\t<div class=\"mkdf-eh-item-inner\">\n\t\t<div class=\"mkdf-eh-item-content mkdf-eh-custom-2353\" >\n\t\t\t[vc_raw_html el_class=&#8221;title-section&#8221;]PGRpdiBzdHlsZT0iZGlzcGxheTogZmxleDsgbWFyZ2luLXRvcDogLTI1cHg7IiBjbGFzcz0idGl0bGUtY2FydGUiPg0KCQ0KCTxkaXYgY2xhc3M9Im1rZGYtc2VwYXJhdG9yLWhvbGRlciBjbGVhcmZpeCAgICI+DQoJCTxkaXYgY2xhc3M9Im1rZGYtc2VwYXJhdG9yIiBzdHlsZT0iYm9yZGVyLWNvbG9yOiAjZWM5MDM2O3dpZHRoOiA4MHB4O2JvcmRlci1ib3R0b20td2lkdGg6IDNweDsgbWFyZ2luLXJpZ2h0OiAxNXB4OyI+PC9kaXY+DQoJPC9kaXY+DQoNCgk8aDIgc3R5bGU9Im1hcmdpbjogMHB4OyI+TWVudXM8L2gyPg0KPC9kaXY+DQo8ZGl2Pg0KCTxwIGNsYXNzPSJta2RmLXN0LXRleHQiIHN0eWxlPSJjb2xvcjogIzRlNGU0ZTtmb250LXNpemU6IDE2cHg7bGluZS1oZWlnaHQ6IDIycHg7Zm9udC13ZWlnaHQ6IDMwMDsgd2lkdGg6IDQ1NXB4O21hcmdpbjogMHB4IDBweCAxNXB4IDBweDsiPg0KCQlBIGN1aXNpbmUgdGhhdCB0YWtlcyBpdHMgaW5zcGlyYXRpb24gZnJvbSBuYXR1cmUgYW5kIHNob3djYXNlcyBvdXIgcmVnaW9uYWwgcHJvZHVjZS4gDQpMYSBSw6lzZXJ2ZSBSaW1iYXVkIGludml0ZXMgdXMgdG8gcmVkaXNjb3ZlciB0aGF0IHJhcmUgY3VsaW5hcnkgbHV4dXJ5OiBzaW1wbGljaXR5Lg0KVGhlIENoZWYgYW5kIGhpcyB0ZWFtIHNoYXJlIHRoYXQgc2FtZSBkZXNpcmUgdG8gbGV0IHRoZSBwcm9kdWN0cyBhbmQgdGhlaXIgb3JpZ2lucyBzcGVhayBmb3IgdGhlbXNlbHZlcywgdG8gZ2l2ZSBlYWNoIG9uZSBpdHMgcmlnaHRmdWwgcGxhY2UgYW5kIHBsYXkgd2l0aCBmbGF2b3VycyB3aXRob3V0IGV2ZXIgY2hhbmdpbmcgdGhlIGVzc2VuY2Ugb2YgdGhlc2Ug4oCcZXhjZXB0aW9uYWwgcmVnaW9uYWwgcmF3IG1hdGVyaWFsc+KAnSB0aGF0IGFyZSBjb25zdGFudGx5IHJlbmV3ZWQgdGhyb3VnaG91dCB0aGUgc2Vhc29ucy4NCgk8L3A+DQo8L2Rpdj4=[\/vc_raw_html]<a itemprop=\"url\" href=\"\/en\/menu-list\/\" target=\"_self\" style=\"color: #ec9036;background-color: #ffffff;border-color: #ec9036;padding: 10px 20px\" class=\"mkdf-btn mkdf-btn-medium mkdf-btn-solid mkdf-btn-custom-hover-bg mkdf-btn-custom-border-hover mkdf-btn-custom-hover-color\" data-hover-color=\"#ffffff\" data-hover-bg-color=\"#ec9036\" data-hover-border-color=\"#ffffff\" >\n    <span class=\"mkdf-btn-text\">Menus<\/span>\n    <\/a>\t\t<\/div>\n\t<\/div>\n<\/div><\/div>[\/vc_column][\/vc_row][vc_row equal_height=&#8221;yes&#8221; parallax=&#8221;content-moving&#8221; parallax_image=&#8221;5842&#8243; parallax_speed_bg=&#8221;2&#8243; el_id=&#8221;img-verre&#8221;][vc_column]<div class=\"mkdf-elements-holder   mkdf-one-column  mkdf-responsive-mode-768 \" ><div class=\"mkdf-eh-item    \"  data-item-class=\"mkdf-eh-custom-6599\">\n\t<div class=\"mkdf-eh-item-inner\">\n\t\t<div class=\"mkdf-eh-item-content mkdf-eh-custom-6599\" >\n\t\t\t\t\t<\/div>\n\t<\/div>\n<\/div><\/div>[\/vc_column][\/vc_row][vc_row row_content_width=&#8221;grid&#8221; css=&#8221;.vc_custom_1600831956122{padding-top: 100px !important;padding-bottom: 100px !important;}&#8221; el_class=&#8221;.mkdf-di-holder-right&#8221;][vc_column offset=&#8221;vc_col-lg-6 vc_col-md-12&#8243;]<div class=\"mkdf-elements-holder   mkdf-one-column  mkdf-responsive-mode-768 \" ><div class=\"mkdf-eh-item section-icons   mkdf-element-from-fade\"  data-item-class=\"mkdf-eh-custom-1586\" data-animation=\"mkdf-element-from-fade\">\n\t<div class=\"mkdf-eh-item-inner\">\n\t\t<div class=\"mkdf-eh-item-content mkdf-eh-custom-1586\" >\n\t\t\t[vc_raw_html el_class=&#8221;title-section&#8221;]PGRpdiBzdHlsZT0iZGlzcGxheTogZmxleDsiPg0KCQ0KCTxkaXYgY2xhc3M9Im1rZGYtc2VwYXJhdG9yLWhvbGRlciBjbGVhcmZpeCAgICI+DQoJCTxkaXYgY2xhc3M9Im1rZGYtc2VwYXJhdG9yIiBzdHlsZT0iYm9yZGVyLWNvbG9yOiAjZWM5MDM2O3dpZHRoOiA4MHB4O2JvcmRlci1ib3R0b20td2lkdGg6IDNweDsgbWFyZ2luLXJpZ2h0OiAxNXB4OyI+PC9kaXY+DQoJPC9kaXY+DQoNCgk8aDIgc3R5bGU9Im1hcmdpbjogMHB4OyI+VEhFIEZJUlNUIFhWIE9GIEdBU1RST05PTVk8L2gyPg0KPC9kaXY+DQo8ZGl2Pg0KCTxwIGNsYXNzPSJta2RmLXN0LXRleHQiIHN0eWxlPSJjb2xvcjogIzRlNGU0ZTtmb250LXNpemU6IDE2cHg7bGluZS1oZWlnaHQ6IDIycHg7Zm9udC13ZWlnaHQ6IDMwMDttYXJnaW46IDBweCAwcHggMTVweCAwcHg7IHBhZGRpbmctdG9wOiAyMHB4OyI+IMKrIEp1c3QgbGlrZSBvdXIgcnVnYnksIG91ciBjdWlzaW5lIHRocml2ZXMgb24gdGhvc2UgbGl0dGxlIHRvdWNoZXMgb2YgZXh0cmF2YWdhbmNlLCBpbnNwaXJlZCBieSBhIHRlYW0gYXBwcm9hY2gsIHdoaWNoIGNoYW5nZSB0aGUgY2hhcmFjdGVyIG9mIGEgZGlzaCwgb3IgYSBtYXRjaCwgYW5kIG1ha2UgaXQgdW5pcXVlLiDCuy4gDQoJPC9wPg0KPC9kaXY+[\/vc_raw_html]\t\t<\/div>\n\t<\/div>\n<\/div><\/div>[\/vc_column][vc_column offset=&#8221;vc_col-lg-6 vc_col-md-12&#8243;]<div class=\"mkdf-elements-holder   mkdf-one-column  mkdf-responsive-mode-768 \" ><div class=\"mkdf-eh-item    \"  data-item-class=\"mkdf-eh-custom-4949\">\n\t<div class=\"mkdf-eh-item-inner\">\n\t\t<div class=\"mkdf-eh-item-content mkdf-eh-custom-4949\" >\n\t\t\t[vc_single_image image=&#8221;5853&#8243; img_size=&#8221;full&#8221; css_animation=&#8221;fadeIn&#8221;]\t\t<\/div>\n\t<\/div>\n<\/div><\/div>[\/vc_column][\/vc_row]<\/p>\n","protected":false},"excerpt":{"rendered":"<p>[vc_row][vc_column][rev_slider_vc alias=&#8221;accueil&#8221; enable_paspartu=&#8221;no&#8221;][\/vc_column][\/vc_row][vc_row content_text_aligment=&#8221;center&#8221; css=&#8221;.vc_custom_1600795690704{padding-top: 50px !important;padding-bottom: 70px !important;}&#8221;][vc_column][\/vc_column][\/vc_row][vc_row content_text_aligment=&#8221;center&#8221;][vc_column][\/vc_column][\/vc_row][vc_row content_text_aligment=&#8221;center&#8221; css=&#8221;.vc_custom_1600817237654{padding-top: 50px !important;padding-bottom: 50px !important;}&#8221;][vc_column][\/vc_column][\/vc_row][vc_row row_content_width=&#8221;grid&#8221; css=&#8221;.vc_custom_1600831956122{padding-top: 100px !important;padding-bottom: 100px !important;}&#8221; el_class=&#8221;.mkdf-di-holder-right&#8221;][vc_column offset=&#8221;vc_col-lg-6 vc_col-md-12&#8243;][\/vc_column][vc_column offset=&#8221;vc_col-lg-6 vc_col-md-12&#8243;][\/vc_column][\/vc_row][vc_row equal_height=&#8221;yes&#8221; parallax=&#8221;content-moving&#8221; parallax_image=&#8221;5842&#8243; parallax_speed_bg=&#8221;2&#8243; el_id=&#8221;img-verre&#8221;][vc_column][\/vc_column][\/vc_row][vc_row row_content_width=&#8221;grid&#8221; css=&#8221;.vc_custom_1600831956122{padding-top: 100px !important;padding-bottom: 100px !important;}&#8221; el_class=&#8221;.mkdf-di-holder-right&#8221;][vc_column offset=&#8221;vc_col-lg-6 vc_col-md-12&#8243;][\/vc_column][vc_column offset=&#8221;vc_col-lg-6 vc_col-md-12&#8243;][\/vc_column][\/vc_row]<\/p>\n","protected":false},"author":1,"featured_media":0,"parent":0,"menu_order":0,"comment_status":"closed","ping_status":"closed","template":"full-width.php","meta":{"footnotes":""},"class_list":["post-6054","page","type-page","status-publish","hentry"],"aioseo_notices":[],"_links":{"self":[{"href":"https:\/\/preprod.reserve-rimbaud.com\/en\/wp-json\/wp\/v2\/pages\/6054","targetHints":{"allow":["GET"]}}],"collection":[{"href":"https:\/\/preprod.reserve-rimbaud.com\/en\/wp-json\/wp\/v2\/pages"}],"about":[{"href":"https:\/\/preprod.reserve-rimbaud.com\/en\/wp-json\/wp\/v2\/types\/page"}],"author":[{"embeddable":true,"href":"https:\/\/preprod.reserve-rimbaud.com\/en\/wp-json\/wp\/v2\/users\/1"}],"replies":[{"embeddable":true,"href":"https:\/\/preprod.reserve-rimbaud.com\/en\/wp-json\/wp\/v2\/comments?post=6054"}],"version-history":[{"count":9,"href":"https:\/\/preprod.reserve-rimbaud.com\/en\/wp-json\/wp\/v2\/pages\/6054\/revisions"}],"predecessor-version":[{"id":28907,"href":"https:\/\/preprod.reserve-rimbaud.com\/en\/wp-json\/wp\/v2\/pages\/6054\/revisions\/28907"}],"wp:attachment":[{"href":"https:\/\/preprod.reserve-rimbaud.com\/en\/wp-json\/wp\/v2\/media?parent=6054"}],"curies":[{"name":"wp","href":"https:\/\/api.w.org\/{rel}","templated":true}]}}