{"id":6071,"date":"2020-10-01T20:35:34","date_gmt":"2020-10-01T20:35:34","guid":{"rendered":"https:\/\/reserve-rimbaud.com\/charles-fontes\/"},"modified":"2023-01-09T11:34:37","modified_gmt":"2023-01-09T11:34:37","slug":"charles-fontes","status":"publish","type":"page","link":"https:\/\/preprod.reserve-rimbaud.com\/en\/charles-fontes\/","title":{"rendered":"Charles Font\u00e8s"},"content":{"rendered":"<p>[vc_row content_placement=&#8221;middle&#8221; parallax=&#8221;content-moving&#8221; content_text_aligment=&#8221;center&#8221; el_class=&#8221;header-paralax-cover&#8221; parallax_background_image=&#8221;6281&#8243; parallax_bg_height=&#8221;760&#8243;][vc_column width=&#8221;1\/3&#8243;][\/vc_column][vc_column width=&#8221;1\/3&#8243;]<div class=\"mkdf-elements-holder   mkdf-one-column  mkdf-responsive-mode-768 \" ><div class=\"mkdf-eh-item    \"  data-item-class=\"mkdf-eh-custom-2093\" data-1025-1366=\"6.1% 9%\" data-769-1024=\"15% 6% 17%\" data-681-768=\"20% 5% 17%\" data-680=\"21% 5px 0px\">\n\t<div class=\"mkdf-eh-item-inner\">\n\t\t<div class=\"mkdf-eh-item-content mkdf-eh-custom-2093\" >\n\t\t\t[vc_text_separator title=&#8221;charles font\u00e8s&#8221; color=&#8221;white&#8221; border_width=&#8221;3&#8243; el_class=&#8221;title-line&#8221;]\t\t<\/div>\n\t<\/div>\n<\/div><\/div>[\/vc_column][vc_column width=&#8221;1\/3&#8243;][\/vc_column][\/vc_row][vc_row content_text_aligment=&#8221;center&#8221; css=&#8221;.vc_custom_1600976734462{padding-top: 50px !important;padding-bottom: 80px !important;}&#8221;][vc_column]<div class=\"mkdf-elements-holder   mkdf-one-column  mkdf-responsive-mode-768 \" ><div class=\"mkdf-eh-item    \"  data-item-class=\"mkdf-eh-custom-1536\" data-1025-1366=\"0px 27%\" data-769-1024=\"0px 19%\" data-681-768=\"0px 9%\" data-680=\"0px 2%\">\n\t<div class=\"mkdf-eh-item-inner\">\n\t\t<div class=\"mkdf-eh-item-content mkdf-eh-custom-1536\" style=\"padding: 0px 30%\">\n\t\t\t<div class=\"mkdf-section-title-holder title-section mkdf-st-standard mkdf-st-title-left mkdf-st-normal-space \" >\n\t<div class=\"mkdf-st-inner\">\n\t\t\t\t\t<h2 class=\"mkdf-st-title\" >\n\t\t\t\tItinerary of a starred chef\t\t\t<\/h2>\n\t\t\t\t<div class=\"mkdf-separator-holder clearfix   \">\n\t<div class=\"mkdf-separator\" style=\"border-color: #eb9035;width: 80px;border-bottom-width: 2px;margin-top: 20px\"><\/div>\n<\/div>\n\t\t\t\t\t<p class=\"mkdf-st-text\" style=\"color: #4e4e4e;font-size: 16px;line-height: 22px;font-weight: 300\">\n\t\t\t\tCharles Font\u00e8s served his apprenticeship in the H\u00f4tel des Neiges in Courchevel, the Carr\u00e9 des Feuillants in Paris and the Moulin de Brant\u00f4me in the P\u00e9rigord under chefs who shared their passion for a way of cooking that showcases products without ever changing their essence.\t\t\t<\/p>\n\t\t\t<\/div>\n<\/div>\t\t<\/div>\n\t<\/div>\n<\/div><\/div>[\/vc_column][\/vc_row][vc_row][vc_column]\n<div id=\"rev_slider_11_1_wrapper\" class=\"rev_slider_wrapper fullwidthbanner-container\" data-source=\"gallery\" style=\"margin:0px auto;background:transparent;padding:0px;margin-top:0px;margin-bottom:0px;\">\n<!-- START REVOLUTION SLIDER 5.4.8.3 fullwidth mode -->\n\t<div id=\"rev_slider_11_1\" class=\"rev_slider fullwidthabanner\" style=\"display:none;\" data-version=\"5.4.8.3\">\n<ul>\t<!-- SLIDE  -->\n\t<li data-index=\"rs-29\" data-transition=\"fade\" data-slotamount=\"default\" data-hideafterloop=\"0\" data-hideslideonmobile=\"off\"  data-easein=\"default\" data-easeout=\"default\" data-masterspeed=\"300\"  data-thumb=\"https:\/\/preprod.reserve-rimbaud.com\/wp-content\/uploads\/2020\/10\/chef-charles-fontes-e1602703328556-100x50.jpg\"  data-rotate=\"0\"  data-saveperformance=\"off\"  data-title=\"Slide\" data-param1=\"\" data-param2=\"\" data-param3=\"\" data-param4=\"\" data-param5=\"\" data-param6=\"\" data-param7=\"\" data-param8=\"\" data-param9=\"\" data-param10=\"\" data-description=\"\">\n\t\t<!-- MAIN IMAGE -->\n\t\t<img loading=\"lazy\" decoding=\"async\" src=\"https:\/\/preprod.reserve-rimbaud.com\/wp-content\/plugins\/revslider\/admin\/assets\/images\/dummy.png\"  alt=\"\" title=\"chef-charles-fontes\"  width=\"1920\" height=\"744\" data-lazyload=\"https:\/\/preprod.reserve-rimbaud.com\/wp-content\/uploads\/2020\/10\/chef-charles-fontes-e1602703328556.jpg\" data-bgposition=\"center center\" data-bgfit=\"cover\" data-bgparallax=\"off\" class=\"rev-slidebg\" data-no-retina>\n\t\t<!-- LAYERS -->\n\n\t\t<!-- BACKGROUND VIDEO LAYER -->\n\t\t<div class=\"rs-background-video-layer\" \n\t\t\tdata-forcerewind=\"on\" \n\t\t\tdata-volume=\"mute\" \n\t\t\tdata-videowidth=\"100%\" \n\t\t\tdata-videoheight=\"100%\" \n\t\t\tdata-videomp4=\"https:\/\/reserve-rimbaud.com\/wp-content\/uploads\/2020\/10\/reserve-rimbaud-cuisine-2.mp4\" \n\t\t\tdata-videopreload=\"auto\" \n\t\t\tdata-videoloop=\"loopandnoslidestop\" \n\t\t\tdata-aspectratio=\"16:9\" \n\t\t\tdata-autoplay=\"true\" \n\t\t\tdata-autoplayonlyfirsttime=\"false\" \n><\/div>\t<\/li>\n<\/ul>\n<div class=\"tp-bannertimer tp-bottom\" style=\"visibility: hidden !important;\"><\/div>\t<\/div>\n<script>var htmlDiv = document.getElementById(\"rs-plugin-settings-inline-css\"); var htmlDivCss=\"\";\r\n\t\t\t\tif(htmlDiv) {\r\n\t\t\t\t\thtmlDiv.innerHTML = htmlDiv.innerHTML + htmlDivCss;\r\n\t\t\t\t}else{\r\n\t\t\t\t\tvar htmlDiv = document.createElement(\"div\");\r\n\t\t\t\t\thtmlDiv.innerHTML = \"<style>\" + htmlDivCss + \"<\/style>\";\r\n\t\t\t\t\tdocument.getElementsByTagName(\"head\")[0].appendChild(htmlDiv.childNodes[0]);\r\n\t\t\t\t}\r\n\t\t\t<\/script>\n\t\t<script type=\"text\/javascript\">\r\nif (setREVStartSize!==undefined) setREVStartSize(\r\n\t{c: '#rev_slider_11_1', gridwidth: [1240], gridheight: [600], sliderLayout: 'auto'});\r\n\t\t\t\r\nvar revapi11,\r\n\ttpj;\t\r\n(function() {\t\t\t\r\n\tif (!\/loaded|interactive|complete\/.test(document.readyState)) document.addEventListener(\"DOMContentLoaded\",onLoad); else onLoad();\t\r\n\tfunction onLoad() {\t\t\t\t\r\n\t\tif (tpj===undefined) { tpj = jQuery; if(\"off\" == \"on\") tpj.noConflict();}\r\n\tif(tpj(\"#rev_slider_11_1\").revolution == undefined){\n\t\trevslider_showDoubleJqueryError(\"#rev_slider_11_1\");\n\t}else{\n\t\trevapi11 = tpj(\"#rev_slider_11_1\").show().revolution({\n\t\t\tsliderType:\"hero\",\n\t\t\tjsFileLocation:\"\/\/preprod.reserve-rimbaud.com\/wp-content\/plugins\/revslider\/public\/assets\/js\/\",\n\t\t\tsliderLayout:\"auto\",\n\t\t\tdottedOverlay:\"none\",\n\t\t\tdelay:9000,\n\t\t\tvisibilityLevels:[1240,1024,778,480],\n\t\t\tgridwidth:1240,\n\t\t\tgridheight:600,\n\t\t\tlazyType:\"smart\",\n\t\t\tparallax: {\n\t\t\t\ttype:\"mouse\",\n\t\t\t\torigo:\"slidercenter\",\n\t\t\t\tspeed:2000,\n\t\t\t\tspeedbg:0,\n\t\t\t\tspeedls:0,\n\t\t\t\tlevels:[2,3,4,5,6,7,12,16,10,50,47,48,49,50,51,55],\n\t\t\t},\n\t\t\tshadow:0,\n\t\t\tspinner:\"off\",\n\t\t\tautoHeight:\"off\",\n\t\t\tdisableProgressBar:\"on\",\n\t\t\thideThumbsOnMobile:\"on\",\n\t\t\thideSliderAtLimit:0,\n\t\t\thideCaptionAtLimit:0,\n\t\t\thideAllCaptionAtLilmit:0,\n\t\t\tdebugMode:false,\n\t\t\tfallbacks: {\n\t\t\t\tsimplifyAll:\"off\",\n\t\t\t\tdisableFocusListener:false,\n\t\t\t}\n\t\t});\n\t}; \/* END OF revapi call *\/\n\t\n }; \/* END OF ON LOAD FUNCTION *\/\r\n}()); \/* END OF WRAPPING FUNCTION *\/\r\n<\/script>\r\n\t\t<\/div><!-- END REVOLUTION SLIDER -->[\/vc_column][\/vc_row][vc_row row_content_width=&#8221;grid&#8221; css=&#8221;.vc_custom_1601532778393{padding-top: 50px !important;}&#8221; el_class=&#8221;.mkdf-di-holder-right&#8221;][vc_column offset=&#8221;vc_col-lg-6 vc_col-md-12&#8243;]<div class=\"mkdf-elements-holder   mkdf-one-column  mkdf-responsive-mode-768 \" ><div class=\"mkdf-eh-item    \"  data-item-class=\"mkdf-eh-custom-3721\">\n\t<div class=\"mkdf-eh-item-inner\">\n\t\t<div class=\"mkdf-eh-item-content mkdf-eh-custom-3721\" >\n\t\t\t[vc_column_text]<\/p>\n<p style=\"text-align: justify;\">At La R\u00e9serve Rimbaud, Charles Font\u00e8s tirelessly continues this task of highlighting the qualities of the best Occitan products and enhancing their reputation. These \u201cexceptional regional raw materials\u201d would be insignificant without the work of those who cultivate them: the producers.<\/p>\n<p>[\/vc_column_text]\t\t<\/div>\n\t<\/div>\n<\/div><\/div>[\/vc_column][vc_column offset=&#8221;vc_col-lg-6 vc_col-md-12&#8243;]<div class=\"mkdf-elements-holder   mkdf-one-column  mkdf-responsive-mode-768 \" ><div class=\"mkdf-eh-item    \"  data-item-class=\"mkdf-eh-custom-7908\">\n\t<div class=\"mkdf-eh-item-inner\">\n\t\t<div class=\"mkdf-eh-item-content mkdf-eh-custom-7908\" >\n\t\t\t[vc_column_text]<\/p>\n<p style=\"text-align: justify;\">Charles Font\u00e8s frequently meets these steadfast allies of his produce-based cuisine, the producers of the best that Occitania has to offer.With its idyllic setting on the banks of the river Lez, La R\u00e9serve Rimbaud provided a serendipitous opportunity for him to forge a link between the traditions of a Montpellier culinary institution and the flavour of modernity that he hoped to bring to both the location and his cuisine.<\/p>\n<p>[\/vc_column_text]\t\t<\/div>\n\t<\/div>\n<\/div><\/div>[\/vc_column][\/vc_row][vc_row content_placement=&#8221;middle&#8221; content_text_aligment=&#8221;center&#8221; css=&#8221;.vc_custom_1600979145150{padding-bottom: 50px !important;}&#8221;][vc_column]<a itemprop=\"url\" href=\"\/en\/menu-list\/\" target=\"_self\" style=\"color: #ec9036;background-color: #ffffff;border-color: #ec9036;font-size: 16px;font-weight: 300;margin: 40px 0px 0px 0px;padding: 10px 15px\" class=\"mkdf-btn mkdf-btn-medium mkdf-btn-solid mkdf-btn-custom-hover-bg mkdf-btn-custom-border-hover mkdf-btn-custom-hover-color\" data-hover-color=\"#ffffff\" data-hover-bg-color=\"#ec9036\" data-hover-border-color=\"#ffffff\" >\n    <span class=\"mkdf-btn-text\">View the menus<\/span>\n    <\/a>[\/vc_column][\/vc_row][vc_row gap=&#8221;35&#8243; content_placement=&#8221;middle&#8221; css=&#8221;.vc_custom_1600980098569{background-color: #eb9035 !important;}&#8221; el_id=&#8221;range-texte-midle&#8221;][vc_column]<div class=\"mkdf-elements-holder   mkdf-one-column  mkdf-responsive-mode-768 mkdf-one-column-alignment-center\" ><div class=\"mkdf-eh-item   mkdf-horizontal-alignment-center \"  data-item-class=\"mkdf-eh-custom-6408\">\n\t<div class=\"mkdf-eh-item-inner\">\n\t\t<div class=\"mkdf-eh-item-content mkdf-eh-custom-6408\" >\n\t\t\t[vc_column_text]<\/p>\n<h2 style=\"text-align: center; padding: 0 20%;\">\u201cRediscover the taste of dishes that are well-designed and use the very best products.\u201d<\/h2>\n<p>[\/vc_column_text]\t\t<\/div>\n\t<\/div>\n<\/div><\/div>[\/vc_column][\/vc_row][vc_row row_content_width=&#8221;grid&#8221; css=&#8221;.vc_custom_1600831956122{padding-top: 100px !important;padding-bottom: 100px !important;}&#8221; el_class=&#8221;.mkdf-di-holder-right&#8221;][vc_column offset=&#8221;vc_col-lg-6 vc_col-md-12&#8243;]<div class=\"mkdf-elements-holder   mkdf-one-column  mkdf-responsive-mode-768 \" ><div class=\"mkdf-eh-item    mkdf-element-from-fade\"  data-item-class=\"mkdf-eh-custom-2392\" data-animation=\"mkdf-element-from-fade\">\n\t<div class=\"mkdf-eh-item-inner\">\n\t\t<div class=\"mkdf-eh-item-content mkdf-eh-custom-2392\" >\n\t\t\t[vc_raw_html el_class=&#8221;title-section&#8221;]PGRpdiBzdHlsZT0iZGlzcGxheTogZmxleDsiPg0KPGRpdiBjbGFzcz0ibWtkZi1zZXBhcmF0b3ItaG9sZGVyIGNsZWFyZml4ICAgIj4NCjxkaXYgY2xhc3M9Im1rZGYtc2VwYXJhdG9yIiBzdHlsZT0iYm9yZGVyLWNvbG9yOiAjZWM5MDM2OyB3aWR0aDogODBweDsgYm9yZGVyLWJvdHRvbS13aWR0aDogM3B4OyBtYXJnaW4tcmlnaHQ6IDE1cHg7Ij7CoDwvZGl2Pg0KPC9kaXY+DQo8aDIgc3R5bGU9Im1hcmdpbjogMHB4OyI+VEhFIEZJUlNUIFhWIE9GIEdBU1RST05PTVk8L2gyPg0KPC9kaXY+DQo8ZGl2Pg0KPHAgY2xhc3M9Im1rZGYtc3QtdGV4dCIgc3R5bGU9ImNvbG9yOiAjNGU0ZTRlOyBmb250LXNpemU6IDE2cHg7IGxpbmUtaGVpZ2h0OiAyMnB4OyBmb250LXdlaWdodDogMzAwOyBtYXJnaW46IDBweCAwcHggMTVweCAwcHg7IHBhZGRpbmctdG9wOiAyMHB4OyI+wqvCoEp1c3QgbGlrZSBvdXIgcnVnYnksIG91ciBjdWlzaW5lIHRocml2ZXMgb24gdGhvc2UgbGl0dGxlIHRvdWNoZXMgb2YgZXh0cmF2YWdhbmNlLCBpbnNwaXJlZCBieSBhIHRlYW0gYXBwcm9hY2gsIHdoaWNoIGNoYW5nZSB0aGUgY2hhcmFjdGVyIG9mIGEgZGlzaCwgb3IgYSBtYXRjaCwgYW5kIG1ha2UgaXQgdW5pcXVlwrsuPC9wPg0KPC9kaXY+[\/vc_raw_html]\t\t<\/div>\n\t<\/div>\n<\/div><\/div>[\/vc_column][vc_column offset=&#8221;vc_col-lg-6 vc_col-md-12&#8243;]<div class=\"mkdf-elements-holder   mkdf-one-column  mkdf-responsive-mode-768 \" ><div class=\"mkdf-eh-item    \"  data-item-class=\"mkdf-eh-custom-4483\">\n\t<div class=\"mkdf-eh-item-inner\">\n\t\t<div class=\"mkdf-eh-item-content mkdf-eh-custom-4483\" >\n\t\t\t[vc_single_image image=&#8221;5853&#8243; img_size=&#8221;full&#8221; css_animation=&#8221;fadeIn&#8221;]\t\t<\/div>\n\t<\/div>\n<\/div><\/div>[\/vc_column][\/vc_row]<\/p>\n","protected":false},"excerpt":{"rendered":"<p>[vc_row content_placement=&#8221;middle&#8221; parallax=&#8221;content-moving&#8221; content_text_aligment=&#8221;center&#8221; el_class=&#8221;header-paralax-cover&#8221; parallax_background_image=&#8221;6281&#8243; parallax_bg_height=&#8221;760&#8243;][vc_column width=&#8221;1\/3&#8243;][\/vc_column][vc_column width=&#8221;1\/3&#8243;][\/vc_column][vc_column width=&#8221;1\/3&#8243;][\/vc_column][\/vc_row][vc_row content_text_aligment=&#8221;center&#8221; css=&#8221;.vc_custom_1600976734462{padding-top: 50px !important;padding-bottom: 80px !important;}&#8221;][vc_column][\/vc_column][\/vc_row][vc_row][vc_column][\/vc_column][\/vc_row][vc_row row_content_width=&#8221;grid&#8221; css=&#8221;.vc_custom_1601532778393{padding-top: 50px !important;}&#8221; el_class=&#8221;.mkdf-di-holder-right&#8221;][vc_column offset=&#8221;vc_col-lg-6 vc_col-md-12&#8243;][\/vc_column][vc_column offset=&#8221;vc_col-lg-6 vc_col-md-12&#8243;][\/vc_column][\/vc_row][vc_row content_placement=&#8221;middle&#8221; content_text_aligment=&#8221;center&#8221; css=&#8221;.vc_custom_1600979145150{padding-bottom: 50px !important;}&#8221;][vc_column][\/vc_column][\/vc_row][vc_row gap=&#8221;35&#8243; content_placement=&#8221;middle&#8221; css=&#8221;.vc_custom_1600980098569{background-color: #eb9035 !important;}&#8221; el_id=&#8221;range-texte-midle&#8221;][vc_column][\/vc_column][\/vc_row][vc_row row_content_width=&#8221;grid&#8221; css=&#8221;.vc_custom_1600831956122{padding-top: 100px !important;padding-bottom: 100px !important;}&#8221; el_class=&#8221;.mkdf-di-holder-right&#8221;][vc_column offset=&#8221;vc_col-lg-6 vc_col-md-12&#8243;][\/vc_column][vc_column offset=&#8221;vc_col-lg-6 vc_col-md-12&#8243;][\/vc_column][\/vc_row]<\/p>\n","protected":false},"author":1,"featured_media":0,"parent":0,"menu_order":0,"comment_status":"closed","ping_status":"closed","template":"full-width.php","meta":{"footnotes":""},"class_list":["post-6071","page","type-page","status-publish","hentry"],"aioseo_notices":[],"_links":{"self":[{"href":"https:\/\/preprod.reserve-rimbaud.com\/en\/wp-json\/wp\/v2\/pages\/6071","targetHints":{"allow":["GET"]}}],"collection":[{"href":"https:\/\/preprod.reserve-rimbaud.com\/en\/wp-json\/wp\/v2\/pages"}],"about":[{"href":"https:\/\/preprod.reserve-rimbaud.com\/en\/wp-json\/wp\/v2\/types\/page"}],"author":[{"embeddable":true,"href":"https:\/\/preprod.reserve-rimbaud.com\/en\/wp-json\/wp\/v2\/users\/1"}],"replies":[{"embeddable":true,"href":"https:\/\/preprod.reserve-rimbaud.com\/en\/wp-json\/wp\/v2\/comments?post=6071"}],"version-history":[{"count":9,"href":"https:\/\/preprod.reserve-rimbaud.com\/en\/wp-json\/wp\/v2\/pages\/6071\/revisions"}],"predecessor-version":[{"id":28908,"href":"https:\/\/preprod.reserve-rimbaud.com\/en\/wp-json\/wp\/v2\/pages\/6071\/revisions\/28908"}],"wp:attachment":[{"href":"https:\/\/preprod.reserve-rimbaud.com\/en\/wp-json\/wp\/v2\/media?parent=6071"}],"curies":[{"name":"wp","href":"https:\/\/api.w.org\/{rel}","templated":true}]}}